{"id":2,"date":"2017-05-09T14:28:23","date_gmt":"2017-05-09T13:28:23","guid":{"rendered":"http:\/\/engagement54.fr\/?page_id=2"},"modified":"2023-01-16T14:42:36","modified_gmt":"2023-01-16T13:42:36","slug":"page-d-exemple","status":"publish","type":"page","link":"https:\/\/engagement54.fr\/","title":{"rendered":"Bienvenue"},"content":{"rendered":"<p>Sur le site interne de gestion du coll\u00e8ge d\u00e9partemental du FDVA pour la meurthe et Moselle.<\/p>\n<p>Pour toute question vous pouvez contacter le <a href=\"mailto:ce.sdjes54.vie-associative@ac-nancy-metz.fr\">secr\u00e9tariat du SDJES<\/a> .<\/p>\n","protected":false},"excerpt":{"rendered":"<p>Sur le site interne de gestion du coll\u00e8ge d\u00e9partemental du FDVA pour la meurthe et Moselle. Pour toute question vous pouvez contacter le secr\u00e9tariat du SDJES .<\/p>\n","protected":false},"author":1,"featured_media":0,"parent":0,"menu_order":0,"comment_status":"closed","ping_status":"open","template":"","meta":{"footnotes":""},"class_list":["post-2","page","type-page","status-publish","hentry"],"jetpack_sharing_enabled":true,"jetpack_shortlink":"https:\/\/wp.me\/P8ItzM-2","jetpack-related-posts":[],"_links":{"self":[{"href":"https:\/\/engagement54.fr\/index.php?rest_route=\/wp\/v2\/pages\/2","targetHints":{"allow":["GET"]}}],"collection":[{"href":"https:\/\/engagement54.fr\/index.php?rest_route=\/wp\/v2\/pages"}],"about":[{"href":"https:\/\/engagement54.fr\/index.php?rest_route=\/wp\/v2\/types\/page"}],"author":[{"embeddable":true,"href":"https:\/\/engagement54.fr\/index.php?rest_route=\/wp\/v2\/users\/1"}],"replies":[{"embeddable":true,"href":"https:\/\/engagement54.fr\/index.php?rest_route=%2Fwp%2Fv2%2Fcomments&post=2"}],"version-history":[{"count":1,"href":"https:\/\/engagement54.fr\/index.php?rest_route=\/wp\/v2\/pages\/2\/revisions"}],"predecessor-version":[{"id":124,"href":"https:\/\/engagement54.fr\/index.php?rest_route=\/wp\/v2\/pages\/2\/revisions\/124"}],"wp:attachment":[{"href":"https:\/\/engagement54.fr\/index.php?rest_route=%2Fwp%2Fv2%2Fmedia&parent=2"}],"curies":[{"name":"wp","href":"https:\/\/api.w.org\/{rel}","templated":true}]}}